{"id":625,"date":"2021-06-14T18:51:41","date_gmt":"2021-06-14T15:51:41","guid":{"rendered":"https:\/\/mycaralert.eu\/product\/abonament\/"},"modified":"2024-04-11T14:44:35","modified_gmt":"2024-04-11T11:44:35","slug":"abonament","status":"publish","type":"product","link":"https:\/\/mycaralert.eu\/ro\/product\/abonament\/","title":{"rendered":"Abonament interna\u021bional"},"content":{"rendered":"<p><span style=\"font-family: var(--global-body-font-family);\">Pentru a utiliza aplica\u021bia MyCarAlert \u00eempreun\u0103 cu dispozitivele GPS MyCarAlert, trebuie s\u0103 achizi\u021biona\u021bi un abonament.<br \/>\n<strong><em>De ce este necesar un abonament?<\/em><\/strong><br \/>\nDispozitivul GPS vine cu o cartel\u0103 SIM care include un abonament, cu <strong>roaming inclus<\/strong> in peste 100 de \u021b\u0103ri (toat\u0103 Europa, \u0219i majoritatea \u021b\u0103rilor din America, Africa, Asia &#8211; practic, oriunde ai putea merge cu ma\u0219ina) esen\u021bial pentru transmiterea informa\u021biilor c\u0103tre serverele noastre pentru stocare \u0219i analiz\u0103.<br \/>\nVerifica\u021bi <a href=\"https:\/\/mycaralert.eu\/ro\/product\/abonament-ro\/\">abonamentul doar pentru Rom\u00e2nia <\/a> (doar acoperire na\u021bional\u0103).<br \/>\nAplica\u021bia mobil\u0103 se conecteaz\u0103 apoi la serverele noastre pentru a accesa aceste informa\u021bii, a primi alerte, etc.<br \/>\n<\/span><span style=\"font-family: var(--global-body-font-family);\">Abonamentul acoper\u0103 toate taxele asociate cu cartela SIM, serverele \u0219i aplica\u021bia mobil\u0103.<br \/>\n<\/span>Aceasta este singura tax\u0103 pe care o pl\u0103ti\u021bi pentru utilizarea serviciului. Nu sunt alte costuri suplimentare!<\/p>\n","protected":false},"excerpt":{"rendered":"<p>Pentru a utiliza aplica\u021bia MyCarAlert \u00eempreun\u0103 cu dispozitivele GPS MyCarAlert, trebuie s\u0103 achizi\u021biona\u021bi un abonament. De ce este necesar un abonament? Dispozitivul GPS vine cu o cartel\u0103 SIM care include un abonament, cu roaming inclus in peste 100 de \u021b\u0103ri (toat\u0103 Europa, \u0219i majoritatea \u021b\u0103rilor din America, Africa, Asia &#8211; practic, oriunde ai putea merge&#8230;<\/p>\n","protected":false},"featured_media":2204,"comment_status":"open","ping_status":"closed","template":"","meta":{"_seopress_robots_primary_cat":"none","_seopress_titles_title":"","_seopress_titles_desc":"","_seopress_robots_index":"","_kad_blocks_custom_css":"","_kad_blocks_head_custom_js":"","_kad_blocks_body_custom_js":"","_kad_blocks_footer_custom_js":"","_kadence_starter_templates_imported_post":false,"_kad_post_transparent":"default","_kad_post_title":"","_kad_post_layout":"default","_kad_post_sidebar_id":"","_kad_post_content_style":"default","_kad_post_vertical_padding":"default","_kad_post_feature":"","_kad_post_feature_position":"","_kad_post_header":false,"_kad_post_footer":false},"product_brand":[],"product_cat":[334],"product_tag":[],"class_list":{"0":"post-625","1":"product","2":"type-product","3":"status-publish","4":"has-post-thumbnail","6":"product_cat-abonamente","8":"first","9":"instock","10":"sold-individually","11":"taxable","12":"shipping-taxable","13":"purchasable","14":"product-type-variable-subscription","15":"has-default-attributes","16":"entry","17":"content-bg","18":"loop-entry"},"taxonomy_info":{"product_cat":[{"value":334,"label":"Abonamente"}]},"featured_image_src_large":["https:\/\/mycaralert.eu\/wp-content\/uploads\/2021\/06\/screenshot-2023-06-18-at-22.31.19-1024x611.png",1024,611,true],"author_info":[],"comment_info":0,"_links":{"self":[{"href":"https:\/\/mycaralert.eu\/ro\/wp-json\/wp\/v2\/product\/625","targetHints":{"allow":["GET"]}}],"collection":[{"href":"https:\/\/mycaralert.eu\/ro\/wp-json\/wp\/v2\/product"}],"about":[{"href":"https:\/\/mycaralert.eu\/ro\/wp-json\/wp\/v2\/types\/product"}],"replies":[{"embeddable":true,"href":"https:\/\/mycaralert.eu\/ro\/wp-json\/wp\/v2\/comments?post=625"}],"wp:featuredmedia":[{"embeddable":true,"href":"https:\/\/mycaralert.eu\/ro\/wp-json\/wp\/v2\/media\/2204"}],"wp:attachment":[{"href":"https:\/\/mycaralert.eu\/ro\/wp-json\/wp\/v2\/media?parent=625"}],"wp:term":[{"taxonomy":"product_brand","embeddable":true,"href":"https:\/\/mycaralert.eu\/ro\/wp-json\/wp\/v2\/product_brand?post=625"},{"taxonomy":"product_cat","embeddable":true,"href":"https:\/\/mycaralert.eu\/ro\/wp-json\/wp\/v2\/product_cat?post=625"},{"taxonomy":"product_tag","embeddable":true,"href":"https:\/\/mycaralert.eu\/ro\/wp-json\/wp\/v2\/product_tag?post=625"}],"curies":[{"name":"wp","href":"https:\/\/api.w.org\/{rel}","templated":true}]}}