{"id":624,"date":"2023-02-24T13:01:20","date_gmt":"2023-02-24T11:41:09","guid":{"rendered":"https:\/\/mycaralert.eu\/product\/aparat-gps-mycaralert-pro\/"},"modified":"2023-12-18T18:03:57","modified_gmt":"2023-12-18T16:03:57","slug":"mycaralert-pro-gps-device","status":"publish","type":"product","link":"https:\/\/mycaralert.eu\/ro\/product\/mycaralert-pro-gps-device\/","title":{"rendered":"Aparat GPS MyCarAlert PRO"},"content":{"rendered":"<p>MyCarAlert PRO device<br \/>\n(Teltonika FMB003)<\/p>\n<p><strong><img loading=\"lazy\" decoding=\"async\" class=\"size-medium wp-image-1678 alignright\" style=\"margin-left: var(--global-md-spacing);\" src=\"https:\/\/mycaralert.eu\/wp-content\/uploads\/2023\/02\/TELTONIKA-LOGO-BLUE-300x58.png\" alt=\"\" width=\"300\" height=\"58\" srcset=\"https:\/\/mycaralert.eu\/wp-content\/uploads\/2023\/02\/TELTONIKA-LOGO-BLUE-300x58.png 300w, https:\/\/mycaralert.eu\/wp-content\/uploads\/2023\/02\/TELTONIKA-LOGO-BLUE-600x117.png 600w, https:\/\/mycaralert.eu\/wp-content\/uploads\/2023\/02\/TELTONIKA-LOGO-BLUE-768x149.png 768w, https:\/\/mycaralert.eu\/wp-content\/uploads\/2023\/02\/TELTONIKA-LOGO-BLUE.png 1024w\" sizes=\"auto, (max-width: 300px) 100vw, 300px\" \/><\/strong><\/p>\n<div class=\"flex-1 relative\">\n<p><img loading=\"lazy\" decoding=\"async\" class=\"alignleft wp-image-1676 size-medium\" src=\"https:\/\/mycaralert.eu\/wp-content\/uploads\/2023\/02\/ultra-small-casing-photo-fmb003-1920x1280-840xAuto-300x200.png\" alt=\"Dispozitivul GPS MyCarAlert PRO (Teltonika FMB003) cite\u0219te datele computerului auto OBD, tura\u021bia motorului, nivelul combustibilului, codurile de eroare ale computerului \u0219i a\u0219a mai departe.\" width=\"300\" height=\"200\" srcset=\"https:\/\/mycaralert.eu\/wp-content\/uploads\/2023\/02\/ultra-small-casing-photo-fmb003-1920x1280-840xAuto-300x200.png 300w, https:\/\/mycaralert.eu\/wp-content\/uploads\/2023\/02\/ultra-small-casing-photo-fmb003-1920x1280-840xAuto-600x400.png 600w, https:\/\/mycaralert.eu\/wp-content\/uploads\/2023\/02\/ultra-small-casing-photo-fmb003-1920x1280-840xAuto-768x512.png 768w, https:\/\/mycaralert.eu\/wp-content\/uploads\/2023\/02\/ultra-small-casing-photo-fmb003-1920x1280-840xAuto.png 840w\" sizes=\"auto, (max-width: 300px) 100vw, 300px\" \/><\/p>\n<\/div>\n<p>&nbsp;<\/p>\n<div class=\"flex-1\">\n<div class=\"text-center md:text-left mb-4 md:mb-0 md:pl-6 lg:pl-12 md:mr-6\">\n<div class=\"font-oswald font-semibold text-2xl lg:text-3.5xl mb-4 uppercase\">\n<div class=\"font-oswald font-semibold text-2xl lg:text-3.5xl mb-4 uppercase\"><strong>CARCAS\u0102 FOARTE MIC\u0102<\/strong><\/div>\n<div class=\"lg:text-2xl\">\n<p>Cu o l\u0103\u021bime de doar 29.1 mm se potrive\u0219te perfect \u00een orice autoturism<\/p>\n<\/div>\n<\/div>\n<\/div>\n<\/div>\n<p>&nbsp;<\/p>\n<p>&nbsp;<\/p>\n<p>Principalul avantaj al dispozitivului MyCarAlert PRO (Teltonika FMB003) \u00een compara\u021bie cu dispozitivul simplu MyCarAlert (Teltonika FMB020), este c\u0103 poate citi date din computerul de bord, cum ar fi kilometrajul real al vehiculului (Km), tura\u021bia motorului, nivelul combustibilului, codurile de eroare ale computerului \u0219i a\u0219a mai departe&#8230;<br \/>\nAmbele dispozitive au acelea\u0219i dimensiuni (29,1&#215;52,6 mm) \u0219i se vor potrivi perfect \u00een orice ma\u0219in\u0103 fabricat\u0103 dup\u0103 1998 (care are un conector OBD &#8211; practic orice autoturism de ast\u0103zi).<\/p>\n<p><span style=\"font-family: var(--global-body-font-family);\">Pentru a utiliza aplica\u021bia MyCarAlert \u00eempreun\u0103 cu dispozitivele GPS MyCarAlert, trebuie s\u0103 achizi\u021biona\u021bi un abonament.<br \/>\n<strong><em>De ce este necesar un abonament?<\/em><\/strong><br \/>\nDispozitivul GPS vine cu o cartel\u0103 SIM care include un abonament, cu <strong>roaming inclus<\/strong> in peste 100 de \u021b\u0103ri (toat\u0103 Europa, \u0219i majoritatea \u021b\u0103rilor din America, Africa, Asia &#8211; practic, oriunde ai putea merge cu ma\u0219ina) esen\u021bial pentru transmiterea informa\u021biilor c\u0103tre serverele noastre pentru stocare \u0219i analiz\u0103. Aplica\u021bia mobil\u0103 se conecteaz\u0103 apoi la serverele noastre pentru a accesa aceste informa\u021bii, a primi alerte, etc. Abonamentul acoper\u0103 toate taxele asociate cu cartela SIM, serverele \u0219i aplica\u021bia mobil\u0103. Aceasta este singura tax\u0103 pe care o pl\u0103ti\u021bi pentru utilizarea serviciului. Nu ave\u021bi nevoie de alt abonament \u0219i nu sunt alte costuri suplimentare!<\/span><\/p>\n<p>Cartela SIM ofer\u0103 acoperire \u00een peste 100 de <a href=\"https:\/\/mycaralert.eu\/wp-content\/uploads\/2023\/05\/global_plan_coverage_list.pdf\">\u021b\u0103ri<\/a>, diferite, inclusiv toat\u0103 Europa, majoritatea Americii, Africa \u0219i Asia. Se conecteaz\u0103 automat la cea mai rapid\u0103 \u0219i mai fiabil\u0103 re\u021bea 2G disponibil\u0103, asigur\u00e2ndu-se c\u0103 dispozitivul MyCarAlert poate transmite date oriunde exist\u0103 semnal de telefon mobil.<\/p>\n<p>Dac\u0103 dispozitivul intr\u0103 temporar \u00eentr-o zon\u0103 f\u0103r\u0103 acoperire a semnalului 2G GSM (cum ar fi anumite regiuni muntoase), acesta va stoca datele \u0219i le va transmite ulterior c\u00e2nd semnalul este restabilit, prevenind orice pierdere de date.<\/p>\n<p>La MyCarAlert, ne m\u00e2ndrim s\u0103 folosim aparate GPS de \u00eenalt\u0103 calitate de la Teltonika Telematics, o companie renumit\u0103 cu sediul \u00een Vilnius, Lituania. Teltonika are peste dou\u0103 decenii de experien\u021b\u0103 \u00een industria telematic\u0103, cu un angajament puternic fa\u021b\u0103 de inova\u021bie, fiabilitate \u0219i excelen\u021b\u0103. Prin parteneriatul cu o astfel de companie de renume, ne asigur\u0103m c\u0103 clien\u021bii no\u0219tri beneficiaz\u0103 de dispozitivele de \u00eenalt\u0103 calitate pe care le ofer\u0103 Teltonika. Clien\u021bii no\u0219tri pot avea \u00eencredere \u00een performan\u021ba \u0219i durabilitatea acestor dispozitive, \u0219tiind c\u0103 sunt sus\u021binute de un furnizor de telematic\u0103 de top. Credem c\u0103 calitatea excep\u021bional\u0103 a dispozitivelor de urm\u0103rire GPS Teltonika are ca rezultat o experien\u021b\u0103 de utilizator extraordinar\u0103 pentru clien\u021bii no\u0219tri.<\/p>\n<p>Dac\u0103 sunte\u021bi interesat s\u0103 explora\u021bi specifica\u021biile tehnice complete, nu ezita\u021bi s\u0103 vizita\u021bi site-ul produc\u0103torului f\u0103c\u00e2nd clic <a href=\"https:\/\/teltonika-gps.com\/products\/trackers\/fmb003\" target=\"_blank\" rel=\"noopener\">aici<\/a>.<\/p>\n<h5><span id=\"Supported_Vehicles_and_OEM_Parameters_Lists\" class=\"mw-headline\">Vehicule compatibile \u0219i liste de parametri OEM<\/span><\/h5>\n<p><a href=\"https:\/\/mycaralert.eu\/wp-content\/uploads\/2023\/05\/FMX003_Supported_Vehicles_20230109.pdf\">Lista autoturismelor compatibile<\/a><br \/>\n<a href=\"https:\/\/mycaralert.eu\/wp-content\/uploads\/2023\/05\/FMX003_Supported_Vehicles_EV_20230109.pdf\">Lista autoturismelor electrice compatibile<\/a><br \/>\n<i>Not\u0103: Dac\u0103 vehiculul dvs. nu este \u00een list\u0103, aceasta nu \u00eenseamn\u0103 c\u0103 nu pute\u021bi instala dispozitivul &#8211; Datele OBD obi\u0219nuite vor fi \u00een continuare disponibile.<\/i><\/p>\n<p><em>Marca comercial\u0103 Teltonika \u0219i logo-ul asociat, sunt proprietatea TELTONIKA TELEMATICS, Vilnius, Lituania<br \/>\n<\/em><\/p>\n","protected":false},"excerpt":{"rendered":"<p>MyCarAlert PRO device (Teltonika FMB003) &nbsp; CARCAS\u0102 FOARTE MIC\u0102 Cu o l\u0103\u021bime de doar 29.1 mm se potrive\u0219te perfect \u00een orice autoturism &nbsp; &nbsp; Principalul avantaj al dispozitivului MyCarAlert PRO (Teltonika FMB003) \u00een compara\u021bie cu dispozitivul simplu MyCarAlert (Teltonika FMB020), este c\u0103 poate citi date din computerul de bord, cum ar fi kilometrajul real al&#8230;<\/p>\n","protected":false},"featured_media":806,"comment_status":"open","ping_status":"closed","template":"","meta":{"_seopress_robots_primary_cat":"none","_seopress_titles_title":"Aparat GPS MyCarAlert PRO","_seopress_titles_desc":"Principalul avantaj al dispozitivului MyCarAlert PRO este c\u0103 poate citi datele computerului auto, cum ar fi contorul real al vehiculului (Km), tura\u021bia motorului, nivelul combustibilului, codurile de eroare ale computerului.","_seopress_robots_index":"","_kad_blocks_custom_css":"","_kad_blocks_head_custom_js":"","_kad_blocks_body_custom_js":"","_kad_blocks_footer_custom_js":"","_kadence_starter_templates_imported_post":false,"_kad_post_transparent":"","_kad_post_title":"","_kad_post_layout":"","_kad_post_sidebar_id":"","_kad_post_content_style":"","_kad_post_vertical_padding":"","_kad_post_feature":"","_kad_post_feature_position":"","_kad_post_header":false,"_kad_post_footer":false},"product_brand":[],"product_cat":[333],"product_tag":[],"class_list":{"0":"post-624","1":"product","2":"type-product","3":"status-publish","4":"has-post-thumbnail","6":"product_cat-aparate-gps","8":"first","9":"outofstock","10":"sale","11":"featured","12":"sold-individually","13":"purchasable","14":"product-type-simple","15":"entry","16":"content-bg","17":"loop-entry"},"taxonomy_info":{"product_cat":[{"value":333,"label":"Aparate GPS"}]},"featured_image_src_large":["https:\/\/mycaralert.eu\/wp-content\/uploads\/2023\/02\/fmb003-600PRO.png",600,600,false],"author_info":[],"comment_info":0,"_links":{"self":[{"href":"https:\/\/mycaralert.eu\/ro\/wp-json\/wp\/v2\/product\/624","targetHints":{"allow":["GET"]}}],"collection":[{"href":"https:\/\/mycaralert.eu\/ro\/wp-json\/wp\/v2\/product"}],"about":[{"href":"https:\/\/mycaralert.eu\/ro\/wp-json\/wp\/v2\/types\/product"}],"replies":[{"embeddable":true,"href":"https:\/\/mycaralert.eu\/ro\/wp-json\/wp\/v2\/comments?post=624"}],"wp:featuredmedia":[{"embeddable":true,"href":"https:\/\/mycaralert.eu\/ro\/wp-json\/wp\/v2\/media\/806"}],"wp:attachment":[{"href":"https:\/\/mycaralert.eu\/ro\/wp-json\/wp\/v2\/media?parent=624"}],"wp:term":[{"taxonomy":"product_brand","embeddable":true,"href":"https:\/\/mycaralert.eu\/ro\/wp-json\/wp\/v2\/product_brand?post=624"},{"taxonomy":"product_cat","embeddable":true,"href":"https:\/\/mycaralert.eu\/ro\/wp-json\/wp\/v2\/product_cat?post=624"},{"taxonomy":"product_tag","embeddable":true,"href":"https:\/\/mycaralert.eu\/ro\/wp-json\/wp\/v2\/product_tag?post=624"}],"curies":[{"name":"wp","href":"https:\/\/api.w.org\/{rel}","templated":true}]}}