{"id":2463,"date":"2024-03-27T19:38:35","date_gmt":"2024-03-27T17:38:35","guid":{"rendered":"https:\/\/mycaralert.eu\/?post_type=product&#038;p=2463"},"modified":"2024-04-11T14:39:50","modified_gmt":"2024-04-11T11:39:50","slug":"abonament-ro","status":"publish","type":"product","link":"https:\/\/mycaralert.eu\/ro\/product\/abonament-ro\/","title":{"rendered":"Abonament pt Rom\u00e2nia"},"content":{"rendered":"<p><span style=\"font-family: var(--global-body-font-family);\">Pentru a utiliza aplica\u021bia MyCarAlert \u00eempreun\u0103 cu dispozitivele GPS MyCarAlert, trebuie s\u0103 achizi\u021biona\u021bi un abonament.<br \/>\n<strong><em>De ce este necesar un abonament?<\/em><\/strong><br \/>\nDispozitivul GPS este livrat cu o cartel\u0103 SIM care include un abonament de date (\u00een acest caz, acoperirea este limitat\u0103 exclusiv la Rom\u00e2nia).<br \/>\nVerifica\u021bi planul de <a href=\"https:\/\/mycaralert.eu\/product\/subscription\/\">abonament interna\u021bional<\/a> pentru acoperire la nivel mondial<\/span><\/p>\n<p>Cu aceast\u0103 cartel\u0103 SIM aparatul, transmite datele c\u0103tre serverele noastre, unde sunt stocate \u0219i analizate.<br \/>\n\u00cen acela\u0219i timp, aplica\u021bia mobil\u0103 stabile\u0219te o conexiune cu serverele noastre, permi\u021b\u00e2nd accesul la informa\u021bii despre ma\u0219ina dvs., precum \u0219i primirea de alerte, printre alte func\u021bionalit\u0103\u021bi.<br \/>\nAbonamentul acoper\u0103 toate costurile asociate cu cartela SIM, \u00eentre\u021binerea serverelor \u0219i utiliz\u0103rii aplica\u021biei. NU exist\u0103 costuri suplimentare pentru consumul de date.<\/p>\n<p>\u00cen plus, pentru a \u00eembun\u0103t\u0103\u021bi recep\u021bia semnalului, v\u0103 sf\u0103tuim s\u0103 achizi\u021biona\u021bi un <a href=\"https:\/\/mycaralert.eu\/product\/obd-extender-cable\/\">cablu prelungitor OBD<\/a>.<br \/>\nAcest accesoriu permite amplasarea optim\u0103 a dispozitivului GPS, asigur\u00e2nd o calitate \u00eembun\u0103t\u0103\u021bit\u0103 a semnalului.<\/p>\n","protected":false},"excerpt":{"rendered":"<p>Pentru a utiliza aplica\u021bia MyCarAlert \u00eempreun\u0103 cu dispozitivele GPS MyCarAlert, trebuie s\u0103 achizi\u021biona\u021bi un abonament. De ce este necesar un abonament? Dispozitivul GPS este livrat cu o cartel\u0103 SIM care include un abonament de date (\u00een acest caz, acoperirea este limitat\u0103 exclusiv la Rom\u00e2nia). Verifica\u021bi planul de abonament interna\u021bional pentru acoperire la nivel mondial Cu&#8230;<\/p>\n","protected":false},"featured_media":2482,"comment_status":"open","ping_status":"closed","template":"","meta":{"_seopress_robots_primary_cat":"none","_seopress_titles_title":"Abonament MyCarAlert doar pentru Rom\u00e2nia","_seopress_titles_desc":"Pentru a utiliza aplica\u021bia MyCarAlert \u00eempreun\u0103 cu dispozitivele GPS MyCarAlert, trebuie s\u0103 achizi\u021biona\u021bi un abonament. De ce este necesar un abonament? Dispozitivul GPS este livrat cu o cartel\u0103 SIM cu un abonament...","_seopress_robots_index":"","_kad_blocks_custom_css":"","_kad_blocks_head_custom_js":"","_kad_blocks_body_custom_js":"","_kad_blocks_footer_custom_js":"","_kadence_starter_templates_imported_post":false,"_kad_post_transparent":"default","_kad_post_title":"","_kad_post_layout":"default","_kad_post_sidebar_id":"","_kad_post_content_style":"default","_kad_post_vertical_padding":"default","_kad_post_feature":"","_kad_post_feature_position":"","_kad_post_header":false,"_kad_post_footer":false},"product_brand":[],"product_cat":[334],"product_tag":[],"class_list":{"0":"post-2463","1":"product","2":"type-product","3":"status-publish","4":"has-post-thumbnail","6":"product_cat-abonamente","8":"first","9":"instock","10":"sold-individually","11":"taxable","12":"shipping-taxable","13":"purchasable","14":"product-type-variable-subscription","15":"has-default-attributes","16":"entry","17":"content-bg","18":"loop-entry"},"taxonomy_info":{"product_cat":[{"value":334,"label":"Abonamente"}]},"featured_image_src_large":["https:\/\/mycaralert.eu\/wp-content\/uploads\/2024\/03\/ro-plans-1024x500.png",1024,500,true],"author_info":[],"comment_info":0,"_links":{"self":[{"href":"https:\/\/mycaralert.eu\/ro\/wp-json\/wp\/v2\/product\/2463","targetHints":{"allow":["GET"]}}],"collection":[{"href":"https:\/\/mycaralert.eu\/ro\/wp-json\/wp\/v2\/product"}],"about":[{"href":"https:\/\/mycaralert.eu\/ro\/wp-json\/wp\/v2\/types\/product"}],"replies":[{"embeddable":true,"href":"https:\/\/mycaralert.eu\/ro\/wp-json\/wp\/v2\/comments?post=2463"}],"wp:featuredmedia":[{"embeddable":true,"href":"https:\/\/mycaralert.eu\/ro\/wp-json\/wp\/v2\/media\/2482"}],"wp:attachment":[{"href":"https:\/\/mycaralert.eu\/ro\/wp-json\/wp\/v2\/media?parent=2463"}],"wp:term":[{"taxonomy":"product_brand","embeddable":true,"href":"https:\/\/mycaralert.eu\/ro\/wp-json\/wp\/v2\/product_brand?post=2463"},{"taxonomy":"product_cat","embeddable":true,"href":"https:\/\/mycaralert.eu\/ro\/wp-json\/wp\/v2\/product_cat?post=2463"},{"taxonomy":"product_tag","embeddable":true,"href":"https:\/\/mycaralert.eu\/ro\/wp-json\/wp\/v2\/product_tag?post=2463"}],"curies":[{"name":"wp","href":"https:\/\/api.w.org\/{rel}","templated":true}]}}