{"id":2042,"date":"2023-05-26T12:18:04","date_gmt":"2023-05-26T09:30:32","guid":{"rendered":"https:\/\/mycaralert.eu\/product\/cablu-prelungitor-obd\/"},"modified":"2023-12-18T18:04:10","modified_gmt":"2023-12-18T16:04:10","slug":"obd-extender-cable","status":"publish","type":"product","link":"https:\/\/mycaralert.eu\/ro\/product\/obd-extender-cable\/","title":{"rendered":"cablu prelungitor OBD"},"content":{"rendered":"<p>Cablu extensie OBD2<\/p>\n<p>Pentru situa\u021biile \u00een care in loca\u021bia mufei OBD (unde este introdus aparatul) semnalul GPS este slab si genereaz\u0103 erori de pozi\u021bionare, puteti folosi acest cablu prelungitor OBD. Acesta este de asemenea util dac\u0103 nu dori\u021bi ca dispozitivul s\u0103 fie vizibil sau dac\u0103 acesta v\u0103 incomodeaz\u0103 \u00een vreun fel. \u00cen func\u021bie de loca\u021bia specific\u0103 a mufei OBD, exist\u0103 situa\u021bii \u00een care, la anumite autovehicule u\u0219a nu se poate \u00eenchide corespunz\u0103tor, dispozitivul devine deranjant \u00een timpul condusului sau semnalul GPS este deficitar din cauza pozi\u021bion\u0103rii neadecvate.<\/p>\n","protected":false},"excerpt":{"rendered":"<p>Cablu extensie OBD2 Pentru situa\u021biile \u00een care in loca\u021bia mufei OBD (unde este introdus aparatul) semnalul GPS este slab si genereaz\u0103 erori de pozi\u021bionare, puteti folosi acest cablu prelungitor OBD. Acesta este de asemenea util dac\u0103 nu dori\u021bi ca dispozitivul s\u0103 fie vizibil sau dac\u0103 acesta v\u0103 incomodeaz\u0103 \u00een vreun fel. \u00cen func\u021bie de loca\u021bia&#8230;<\/p>\n","protected":false},"featured_media":2041,"comment_status":"closed","ping_status":"closed","template":"","meta":{"_seopress_robots_primary_cat":"none","_seopress_titles_title":"","_seopress_titles_desc":"","_seopress_robots_index":"","_kad_blocks_custom_css":"","_kad_blocks_head_custom_js":"","_kad_blocks_body_custom_js":"","_kad_blocks_footer_custom_js":"","_kadence_starter_templates_imported_post":false,"_kad_post_transparent":"","_kad_post_title":"","_kad_post_layout":"","_kad_post_sidebar_id":"","_kad_post_content_style":"","_kad_post_vertical_padding":"","_kad_post_feature":"","_kad_post_feature_position":"","_kad_post_header":false,"_kad_post_footer":false},"product_brand":[],"product_cat":[386],"product_tag":[],"class_list":{"0":"post-2042","1":"product","2":"type-product","3":"status-publish","4":"has-post-thumbnail","6":"product_cat-accesorii","8":"first","9":"instock","10":"sale","11":"sold-individually","12":"taxable","13":"shipping-taxable","14":"purchasable","15":"product-type-simple","16":"entry","17":"content-bg","18":"loop-entry"},"taxonomy_info":{"product_cat":[{"value":386,"label":"Accesorii"}]},"featured_image_src_large":["https:\/\/mycaralert.eu\/wp-content\/uploads\/2023\/05\/cablu-prelungitor-obd2.jpg",800,800,false],"author_info":[],"comment_info":0,"_links":{"self":[{"href":"https:\/\/mycaralert.eu\/ro\/wp-json\/wp\/v2\/product\/2042","targetHints":{"allow":["GET"]}}],"collection":[{"href":"https:\/\/mycaralert.eu\/ro\/wp-json\/wp\/v2\/product"}],"about":[{"href":"https:\/\/mycaralert.eu\/ro\/wp-json\/wp\/v2\/types\/product"}],"replies":[{"embeddable":true,"href":"https:\/\/mycaralert.eu\/ro\/wp-json\/wp\/v2\/comments?post=2042"}],"wp:featuredmedia":[{"embeddable":true,"href":"https:\/\/mycaralert.eu\/ro\/wp-json\/wp\/v2\/media\/2041"}],"wp:attachment":[{"href":"https:\/\/mycaralert.eu\/ro\/wp-json\/wp\/v2\/media?parent=2042"}],"wp:term":[{"taxonomy":"product_brand","embeddable":true,"href":"https:\/\/mycaralert.eu\/ro\/wp-json\/wp\/v2\/product_brand?post=2042"},{"taxonomy":"product_cat","embeddable":true,"href":"https:\/\/mycaralert.eu\/ro\/wp-json\/wp\/v2\/product_cat?post=2042"},{"taxonomy":"product_tag","embeddable":true,"href":"https:\/\/mycaralert.eu\/ro\/wp-json\/wp\/v2\/product_tag?post=2042"}],"curies":[{"name":"wp","href":"https:\/\/api.w.org\/{rel}","templated":true}]}}