{"id":1900,"date":"2023-05-17T12:39:04","date_gmt":"2023-05-17T09:39:04","guid":{"rendered":"https:\/\/mycaralert.eu\/intrebari-frecvente-mycaralert\/"},"modified":"2023-05-30T20:40:11","modified_gmt":"2023-05-30T17:40:11","slug":"intrebari-frecvente","status":"publish","type":"page","link":"https:\/\/mycaralert.eu\/ro\/intrebari-frecvente\/","title":{"rendered":"\u00centreb\u0103ri frecvente"},"content":{"rendered":"<style>.kt-accordion-id_a65d97-54 .kt-accordion-inner-wrap{column-gap:var(--global-kb-gap-md, 2rem);row-gap:8px;}.kt-accordion-id_a65d97-54 .kt-accordion-panel-inner{padding-top:var(--global-kb-spacing-sm, 1.5rem);padding-right:var(--global-kb-spacing-sm, 1.5rem);padding-bottom:var(--global-kb-spacing-sm, 1.5rem);padding-left:var(--global-kb-spacing-sm, 1.5rem);}.kt-accordion-id_a65d97-54 > .kt-accordion-inner-wrap > .wp-block-kadence-pane > .kt-accordion-header-wrap > .kt-blocks-accordion-header{padding-top:var(--global-kb-spacing-xxs, 0.5rem);padding-right:var(--global-kb-spacing-xs, 1rem);padding-bottom:var(--global-kb-spacing-xxs, 0.5rem);padding-left:var(--global-kb-spacing-xs, 1rem);}@media all and (max-width: 767px){.kt-accordion-id_a65d97-54 .kt-accordion-inner-wrap{display:block;}.kt-accordion-id_a65d97-54 .kt-accordion-inner-wrap .kt-accordion-pane:not(:first-child){margin-top:8px;}}<\/style>\n<div class=\"wp-block-kadence-accordion alignnone\"><div class=\"kt-accordion-wrap kt-accordion-id_a65d97-54 kt-accordion-has-13-panes kt-active-pane-0 kt-accordion-block kt-pane-header-alignment-left kt-accodion-icon-style-basic kt-accodion-icon-side-right\" style=\"max-width:none\"><div class=\"kt-accordion-inner-wrap\" data-allow-multiple-open=\"false\" data-start-open=\"0\">\n<div class=\"wp-block-kadence-pane kt-accordion-pane kt-accordion-pane-1 kt-pane_e173a8-18\"><div class=\"kt-accordion-header-wrap\"><button class=\"kt-blocks-accordion-header kt-acccordion-button-label-show\"><span class=\"kt-blocks-accordion-title-wrap\"><span class=\"kt-blocks-accordion-title\">Oferi\u021bi garan\u021bie pentru aparatul GPS?<\/span><\/span><span class=\"kt-blocks-accordion-icon-trigger\"><\/span><\/button><\/div><div class=\"kt-accordion-panel kt-accordion-panel-hidden\"><div class=\"kt-accordion-panel-inner\">\n<p>Da, aparatele au 2 ani garan\u021bie.<\/p>\n<\/div><\/div><\/div>\n\n\n\n<div class=\"wp-block-kadence-pane kt-accordion-pane kt-accordion-pane-13 kt-pane_72dc83-22\"><div class=\"kt-accordion-header-wrap\"><button class=\"kt-blocks-accordion-header kt-acccordion-button-label-show\"><span class=\"kt-blocks-accordion-title-wrap\"><span class=\"kt-blocks-accordion-title\">Utilizarea aplica\u021biei va genera cost suplimentar sau consum de date?<\/span><\/span><span class=\"kt-blocks-accordion-icon-trigger\"><\/span><\/button><\/div><div class=\"kt-accordion-panel kt-accordion-panel-hidden\"><div class=\"kt-accordion-panel-inner\">\n<p>Transmisiile de date au loc \u00eentre dispozitiv \u0219i serverele noastre cloud, un cost care este deja acoperit de abonamentul dumneavoastr\u0103. Aplica\u021bia utilizeaz\u0103 o cantitate minim\u0103 de date \u0219i numai \u00een timp ce este folosit\u0103 activ, deci nu este ceva de care trebuie s\u0103 v\u0103 \u00eengrijora\u021bi.<\/p>\n<\/div><\/div><\/div>\n\n\n\n<div class=\"wp-block-kadence-pane kt-accordion-pane kt-accordion-pane-2 kt-pane_4ef7fb-74\"><div class=\"kt-accordion-header-wrap\"><button class=\"kt-blocks-accordion-header kt-acccordion-button-label-show\"><span class=\"kt-blocks-accordion-title-wrap\"><span class=\"kt-blocks-accordion-title\">Loca\u021bia ma\u0219inii este afi\u0219at\u0103 \u00een timp real?<\/span><\/span><span class=\"kt-blocks-accordion-icon-trigger\"><\/span><\/button><\/div><div class=\"kt-accordion-panel kt-accordion-panel-hidden\"><div class=\"kt-accordion-panel-inner\">\n<p>Da, loca\u021bia ma\u0219inii este afi\u0219at\u0103 \u00een timp real. Loca\u021bia vehiculului este actualizat\u0103 la fiecare 20 de secunde c\u00e2nd ma\u0219ina este \u00een mi\u0219care.<\/p>\n<\/div><\/div><\/div>\n\n\n\n<div class=\"wp-block-kadence-pane kt-accordion-pane kt-accordion-pane-3 kt-pane_d9880b-bf\"><div class=\"kt-accordion-header-wrap\"><button class=\"kt-blocks-accordion-header kt-acccordion-button-label-show\"><span class=\"kt-blocks-accordion-title-wrap\"><span class=\"kt-blocks-accordion-title\">Trebuie s\u0103 men\u021bin aplica\u021bia deschis\u0103 pentru a primi alerte?<\/span><\/span><span class=\"kt-blocks-accordion-icon-trigger\"><\/span><\/button><\/div><div class=\"kt-accordion-panel kt-accordion-panel-hidden\"><div class=\"kt-accordion-panel-inner\">\n<p>Nu, dup\u0103 ce v-a\u021bi autentificat \u00een aplica\u021bie \u0219i a\u021bi activat alertele, totul func\u021bioneaz\u0103 automat. Notific\u0103rile push vor func\u021biona, chiar dac\u0103 aplica\u021bia nu ruleaz\u0103.<\/p>\n<\/div><\/div><\/div>\n\n\n\n<div class=\"wp-block-kadence-pane kt-accordion-pane kt-accordion-pane-4 kt-pane_d88a56-ce\"><div class=\"kt-accordion-header-wrap\"><button class=\"kt-blocks-accordion-header kt-acccordion-button-label-show\"><span class=\"kt-blocks-accordion-title-wrap\"><span class=\"kt-blocks-accordion-title\">Trebuie s\u0103 fiu aproape de ma\u0219in\u0103 pentru ca aplica\u021bia s\u0103 func\u021bioneze?<\/span><\/span><span class=\"kt-blocks-accordion-icon-trigger\"><\/span><\/button><\/div><div class=\"kt-accordion-panel kt-accordion-panel-hidden\"><div class=\"kt-accordion-panel-inner\">\n<p>Nu, dispozitivul GPS MyCarAlert folose\u0219te conexiunile de re\u021bea mobil\u0103 pentru a transmite informa\u021bii c\u0103tre serverele noastre, care comunic\u0103 cu smartphone-ul dvs., permi\u021b\u00e2ndu-v\u0103 s\u0103 primi\u021bi notific\u0103ri \u00een orice loca\u021bie \u00een care serviciul de re\u021bea mobil\u0103 este accesibil.<\/p>\n<\/div><\/div><\/div>\n\n\n\n<div class=\"wp-block-kadence-pane kt-accordion-pane kt-accordion-pane-5 kt-pane_5b0bd5-a9\"><div class=\"kt-accordion-header-wrap\"><button class=\"kt-blocks-accordion-header kt-acccordion-button-label-show\"><span class=\"kt-blocks-accordion-title-wrap\"><span class=\"kt-blocks-accordion-title\">Aplica\u021bia afecteaz\u0103 durata de via\u021b\u0103 a bateriei telefonului meu?<\/span><\/span><span class=\"kt-blocks-accordion-icon-trigger\"><\/span><\/button><\/div><div class=\"kt-accordion-panel kt-accordion-panel-hidden\"><div class=\"kt-accordion-panel-inner\">\n<p>Deoarece dispozitivul GPS nu este conectat direct la telefonul dvs., (ci trimite date c\u0103tre serverele noastre \u00een cloud), aplica\u021bia MyCarAlert nu consum\u0103 mai mult\u0103 baterie dec\u00e2t orice alt\u0103 aplica\u021bie.<\/p>\n<\/div><\/div><\/div>\n\n\n\n<div class=\"wp-block-kadence-pane kt-accordion-pane kt-accordion-pane-6 kt-pane_842b09-ad\"><div class=\"kt-accordion-header-wrap\"><button class=\"kt-blocks-accordion-header kt-acccordion-button-label-show\"><span class=\"kt-blocks-accordion-title-wrap\"><span class=\"kt-blocks-accordion-title\">Este afectat\u0103 garan\u021bia ma\u0219inii mele?<\/span><\/span><span class=\"kt-blocks-accordion-icon-trigger\"><\/span><\/button><\/div><div class=\"kt-accordion-panel kt-accordion-panel-hidden\"><div class=\"kt-accordion-panel-inner\">\n<p>Dispozitivul GPS MyCarAlert nu interfereaz\u0103 \u00een niciun fel cu ma\u0219ina dvs., a\u0219a c\u0103 nu afecteaz\u0103 garan\u021bia ma\u0219inii dumneavoastr\u0103. Modelul PRO doar cite\u0219te date OBD, deci nu interfereaz\u0103 \u00een niciun fel nici cu computerul ma\u0219inii.<\/p>\n<\/div><\/div><\/div>\n\n\n\n<div class=\"wp-block-kadence-pane kt-accordion-pane kt-accordion-pane-7 kt-pane_4da11c-23\"><div class=\"kt-accordion-header-wrap\"><button class=\"kt-blocks-accordion-header kt-acccordion-button-label-show\"><span class=\"kt-blocks-accordion-title-wrap\"><span class=\"kt-blocks-accordion-title\">Aplica\u021bia va anun\u021ba poli\u021bia dac\u0103 ma\u0219ina mea este furat\u0103?<\/span><\/span><span class=\"kt-blocks-accordion-icon-trigger\"><\/span><\/button><\/div><div class=\"kt-accordion-panel kt-accordion-panel-hidden\"><div class=\"kt-accordion-panel-inner\">\n<p>Bine\u00een\u021beles c\u0103 nu! Notific\u0103rile push sunt trimise exclusiv c\u0103tre smartphone-ul pe care este instalat\u0103 aplica\u021bia \u0219i unde au fost activate alertele.<\/p>\n<\/div><\/div><\/div>\n\n\n\n<div class=\"wp-block-kadence-pane kt-accordion-pane kt-accordion-pane-8 kt-pane_cdc921-f1\"><div class=\"kt-accordion-header-wrap\"><button class=\"kt-blocks-accordion-header kt-acccordion-button-label-show\"><span class=\"kt-blocks-accordion-title-wrap\"><span class=\"kt-blocks-accordion-title\">Ce se \u00eent\u00e2mpl\u0103 dac\u0103 abonamentul meu nu este activ pentru o perioad\u0103 lung\u0103 de timp?<\/span><\/span><span class=\"kt-blocks-accordion-icon-trigger\"><\/span><\/button><\/div><div class=\"kt-accordion-panel kt-accordion-panel-hidden\"><div class=\"kt-accordion-panel-inner\">\n<p>Cardul SIM din interiorul dispozitivului va fi dezactivat automat dup\u0103 30 de zile de abonament inactiv. Dac\u0103 nu v-a\u021bi extins abonamentul \u0219i cartela SIM este dezactivat\u0103, v\u0103 rug\u0103m s\u0103 ne<a href=\"https:\/\/mycaralert.eu\/ro\/contact\/\" data-type=\"page\" data-id=\"879\">contacta\u021bi<\/a>.<\/p>\n<\/div><\/div><\/div>\n<\/div><\/div><\/div>\n\n<p><\/p>\n\n<h2 class=\"wp-block-heading\">APARAT GPS<\/h2>\n<style>.kt-accordion-id_9275bc-7f .kt-accordion-inner-wrap{column-gap:var(--global-kb-gap-md, 2rem);row-gap:8px;}.kt-accordion-id_9275bc-7f .kt-accordion-panel-inner{padding-top:var(--global-kb-spacing-sm, 1.5rem);padding-right:var(--global-kb-spacing-sm, 1.5rem);padding-bottom:var(--global-kb-spacing-sm, 1.5rem);padding-left:var(--global-kb-spacing-sm, 1.5rem);}.kt-accordion-id_9275bc-7f > .kt-accordion-inner-wrap > .wp-block-kadence-pane > .kt-accordion-header-wrap > .kt-blocks-accordion-header{padding-top:var(--global-kb-spacing-xxs, 0.5rem);padding-right:var(--global-kb-spacing-xs, 1rem);padding-bottom:var(--global-kb-spacing-xxs, 0.5rem);padding-left:var(--global-kb-spacing-xs, 1rem);}@media all and (max-width: 767px){.kt-accordion-id_9275bc-7f .kt-accordion-inner-wrap{display:block;}.kt-accordion-id_9275bc-7f .kt-accordion-inner-wrap .kt-accordion-pane:not(:first-child){margin-top:8px;}}<\/style>\n<div class=\"wp-block-kadence-accordion alignnone\"><div class=\"kt-accordion-wrap kt-accordion-id_9275bc-7f kt-accordion-has-12-panes kt-active-pane-0 kt-accordion-block kt-pane-header-alignment-left kt-accodion-icon-style-basic kt-accodion-icon-side-right\" style=\"max-width:none\"><div class=\"kt-accordion-inner-wrap\" data-allow-multiple-open=\"false\" data-start-open=\"0\">\n<div class=\"wp-block-kadence-pane kt-accordion-pane kt-accordion-pane-1 kt-pane_6f87c3-db\"><div class=\"kt-accordion-header-wrap\"><button class=\"kt-blocks-accordion-header kt-acccordion-button-label-show\"><span class=\"kt-blocks-accordion-title-wrap\"><span class=\"kt-blocks-accordion-title\">Pot muta dispozitivul de la o ma\u0219in\u0103 la alta?<\/span><\/span><span class=\"kt-blocks-accordion-icon-trigger\"><\/span><\/button><\/div><div class=\"kt-accordion-panel kt-accordion-panel-hidden\"><div class=\"kt-accordion-panel-inner\">\n<p>Da, pute\u021bi muta cu u\u0219urin\u021b\u0103 aparatul pe o alt\u0103 ma\u0219in\u0103. Pur \u0219i simplu \u00eel scoate\u021bi \u0219i-l introduce\u021bi \u00een mufa OBD din cealalt\u0103 ma\u0219in\u0103. <\/p>\n<\/div><\/div><\/div>\n\n\n\n<div class=\"wp-block-kadence-pane kt-accordion-pane kt-accordion-pane-2 kt-pane_383e2d-b6\"><div class=\"kt-accordion-header-wrap\"><button class=\"kt-blocks-accordion-header kt-acccordion-button-label-show\"><span class=\"kt-blocks-accordion-title-wrap\"><span class=\"kt-blocks-accordion-title\">Trebuie s\u0103 \u00eenc\u0103rc dispozitivul GPS?<\/span><\/span><span class=\"kt-blocks-accordion-icon-trigger\"><\/span><\/button><\/div><div class=\"kt-accordion-panel kt-accordion-panel-hidden\"><div class=\"kt-accordion-panel-inner\">\n<p>Nu, \u00een timp ce este conectat, dispozitivul se \u00eencarc\u0103 automat.<\/p>\n<\/div><\/div><\/div>\n\n\n\n<div class=\"wp-block-kadence-pane kt-accordion-pane kt-accordion-pane-3 kt-pane_3b2d94-8b\"><div class=\"kt-accordion-header-wrap\"><button class=\"kt-blocks-accordion-header kt-acccordion-button-label-show\"><span class=\"kt-blocks-accordion-title-wrap\"><span class=\"kt-blocks-accordion-title\">Ce se \u00eent\u00e2mpl\u0103 dac\u0103 aparatul GPS este deconectat?<\/span><\/span><span class=\"kt-blocks-accordion-icon-trigger\"><\/span><\/button><\/div><div class=\"kt-accordion-panel kt-accordion-panel-hidden\"><div class=\"kt-accordion-panel-inner\">\n<p>Dispozitivul GPS vine cu o baterie \u00eencorporat\u0103, care \u00eei permite dispozitivului s\u0103 func\u021bioneze un timp dup\u0103 ce este deconectat. Dac\u0103 a\u021bi activat alerta, ve\u021bi fi anun\u021bat prin notificare pe telefon.<\/p>\n<\/div><\/div><\/div>\n\n\n\n<div class=\"wp-block-kadence-pane kt-accordion-pane kt-accordion-pane-4 kt-pane_dc96ce-d9\"><div class=\"kt-accordion-header-wrap\"><button class=\"kt-blocks-accordion-header kt-acccordion-button-label-show\"><span class=\"kt-blocks-accordion-title-wrap\"><span class=\"kt-blocks-accordion-title\">Trebuie s\u0103 fiu aproape de ma\u0219in\u0103 pentru ca aplica\u021bia s\u0103 func\u021bioneze?<\/span><\/span><span class=\"kt-blocks-accordion-icon-trigger\"><\/span><\/button><\/div><div class=\"kt-accordion-panel kt-accordion-panel-hidden\"><div class=\"kt-accordion-panel-inner\">\n<p>Nu, dispozitivul GPS MyCarAlert folose\u0219te conexiunile de re\u021bea mobil\u0103 pentru a transmite informa\u021bii c\u0103tre serverele noastre, care comunic\u0103 cu smartphone-ul dvs., permi\u021b\u00e2ndu-v\u0103 s\u0103 primi\u021bi notific\u0103ri \u00een orice loca\u021bie \u00een care serviciul de re\u021bea mobil\u0103 este accesibil.<\/p>\n<\/div><\/div><\/div>\n\n\n\n<div class=\"wp-block-kadence-pane kt-accordion-pane kt-accordion-pane-5 kt-pane_a63882-84\"><div class=\"kt-accordion-header-wrap\"><button class=\"kt-blocks-accordion-header kt-acccordion-button-label-show\"><span class=\"kt-blocks-accordion-title-wrap\"><span class=\"kt-blocks-accordion-title\">Dispozitivul GPS MyCarAlert afecteaz\u0103 bateria ma\u0219inii?<\/span><\/span><span class=\"kt-blocks-accordion-icon-trigger\"><\/span><\/button><\/div><div class=\"kt-accordion-panel kt-accordion-panel-hidden\"><div class=\"kt-accordion-panel-inner\">\n<p>Dispozitivul GPS este proiectat pentru a trece la un mod de consum redus (deep sleep) la aproximativ cinci minute dup\u0103 ce ma\u0219ina s-a oprit, reduc\u00e2nd semnificativ consumul de energie la aproximativ 13,5 mA, un nivel extrem de sc\u0103zut. Prin urmare, chiar dac\u0103 vehiculul r\u0103m\u00e2ne sta\u021bionar timp de c\u00e2teva s\u0103pt\u0103m\u00e2ni, consumul de energie al dispozitivului nu ar trebui s\u0103 creeze \u00eengrijor\u0103ri.<\/p>\n<\/div><\/div><\/div>\n<\/div><\/div><\/div>\n\n<p><\/p>\n\n<p><\/p>\n\n<p><\/p>\n","protected":false},"excerpt":{"rendered":"<p>APARAT GPS<\/p>\n","protected":false},"author":49,"featured_media":0,"parent":0,"menu_order":0,"comment_status":"closed","ping_status":"closed","template":"","meta":{"_seopress_robots_primary_cat":"","_seopress_titles_title":"\u00centreb\u0103ri frecvente","_seopress_titles_desc":"Oferi\u021bi garan\u021bie pentru aparatul GPS? Da, aparatele au 2 ani garan\u021bie. Loca\u021bia ma\u0219inii este afi\u0219at\u0103 \u00een timp real? Da, loca\u021bia ma\u0219inii este afi\u0219at\u0103 \u00een timp real. Loca\u021bia vehiculului este actualizat\u0103 la fiecare 20 de secunde c\u00e2nd ma\u0219ina este \u00een mi\u0219care. ","_seopress_robots_index":"","_kad_blocks_custom_css":"","_kad_blocks_head_custom_js":"","_kad_blocks_body_custom_js":"","_kad_blocks_footer_custom_js":"","_kadence_starter_templates_imported_post":false,"_kad_post_transparent":"","_kad_post_title":"","_kad_post_layout":"","_kad_post_sidebar_id":"","_kad_post_content_style":"","_kad_post_vertical_padding":"","_kad_post_feature":"","_kad_post_feature_position":"","_kad_post_header":false,"_kad_post_footer":false,"footnotes":""},"class_list":["post-1900","page","type-page","status-publish","hentry"],"taxonomy_info":[],"featured_image_src_large":false,"author_info":{"display_name":"Me","author_link":"https:\/\/mycaralert.eu\/ro\/author\/mariusbodea\/"},"comment_info":0,"_links":{"self":[{"href":"https:\/\/mycaralert.eu\/ro\/wp-json\/wp\/v2\/pages\/1900","targetHints":{"allow":["GET"]}}],"collection":[{"href":"https:\/\/mycaralert.eu\/ro\/wp-json\/wp\/v2\/pages"}],"about":[{"href":"https:\/\/mycaralert.eu\/ro\/wp-json\/wp\/v2\/types\/page"}],"author":[{"embeddable":true,"href":"https:\/\/mycaralert.eu\/ro\/wp-json\/wp\/v2\/users\/49"}],"replies":[{"embeddable":true,"href":"https:\/\/mycaralert.eu\/ro\/wp-json\/wp\/v2\/comments?post=1900"}],"version-history":[{"count":0,"href":"https:\/\/mycaralert.eu\/ro\/wp-json\/wp\/v2\/pages\/1900\/revisions"}],"wp:attachment":[{"href":"https:\/\/mycaralert.eu\/ro\/wp-json\/wp\/v2\/media?parent=1900"}],"curies":[{"name":"wp","href":"https:\/\/api.w.org\/{rel}","templated":true}]}}