{"id":1780,"date":"2023-05-13T13:18:02","date_gmt":"2023-05-13T10:18:02","guid":{"rendered":"https:\/\/mycaralert.eu\/despre-noi\/"},"modified":"2024-10-14T18:43:49","modified_gmt":"2024-10-14T15:43:49","slug":"despre-noi","status":"publish","type":"page","link":"https:\/\/mycaralert.eu\/ro\/despre-noi\/","title":{"rendered":"Despre noi"},"content":{"rendered":"\n<p>MyCarAlert.eu este culminarea experien\u021bei noastre extinse \u0219i a multor ani de experien\u021b\u0103 \u00een industria gestion\u0103rii flotelor de vehicule. Fondat\u0103 \u00een 1994 de c\u0103tre Marius Bodea, compania noastr\u0103 mam\u0103, Computer Force SRL, a acumulat o bog\u0103\u021bie de cuno\u0219tin\u021be inestimabile \u00een sistemele de tehnologie a informa\u021biei.<\/p>\n\n\n\n<p>\u00cen 2010, profit\u00e2nd de competen\u021ba noastr\u0103 \u00een IT, am intrat \u00een industria de management flote auto prin GPS. Cu dezvoltarea \u0219i adaptarea cu succes a sistemelor noastre, am reu\u0219it s\u0103 ne cre\u0103m o prezen\u021b\u0103 semnificativ\u0103 at\u00e2t pe pia\u021ba Uniunii Europene c\u00e2t \u0219i pe cea local\u0103 din Rom\u00e2nia. Portofoliul nostru include mai multe site-uri de succes, cum ar fi <strong><em><a href=\"https:\/\/LocalizareAuto.ro\" target=\"_blank\" rel=\"noreferrer noopener\">LocalizareAuto.ro<\/a>, <a href=\"https:\/\/LocalizareGratis.ro\" target=\"_blank\" rel=\"noreferrer noopener\">LocalizareGratis.ro<\/a><\/em><\/strong>, care se ocup\u0103 de gestionarea flotelor de ma\u0219ini pentru pia\u021ba rom\u00e2neasc\u0103, <strong><em>EUFleet.com<\/em><\/strong> pentru clien\u021bii din UE \u0219i <strong><em>TrackMyYacht.com<\/em><\/strong>, care ofer\u0103 servicii de urm\u0103rire a ambarca\u021biunilor pentru proprietarii de yachturi \u0219i companiile de charter<\/p>\n\n\n\n<p><strong><em>MyCarAlert.eu<\/em><\/strong> este promisiunea noastr\u0103 de a oferi clien\u021bilor priva\u021bi, precum \u0219i entit\u0103\u021bilor comerciale, posibilitatea de a-\u0219i monitoriza vehiculele printr-o aplica\u021bie mobil\u0103 de ultim\u0103 genera\u021bie, dezvoltat\u0103 intern de echipa noastr\u0103 dedicat\u0103. Baza noastr\u0103 de clien\u021bi, foarte mul\u021bumi\u021bi de ofertele noastre, a crescut constant de-a lungul anilor.<\/p>\n\n\n\n<p>Ceea ce ne diferen\u021biaz\u0103 \u00een peisajul competitiv este vasta noastr\u0103 expertiz\u0103 \u00een IT, care ne permite s\u0103 dezvolt\u0103m \u0219i s\u0103 \u00eentre\u021binem toate sistemele necesare pentru o platform\u0103 de urm\u0103rire GPS \u00een cadrul companiei. \u00cen plus, capacitatea noastr\u0103 de a accesa personal IT foarte calificat \u00een \u021bara noastr\u0103, la un cost relativ redus, reprezint\u0103 un avantaj major. Aceste beneficii se traduc \u00een servicii de \u00eenalt\u0103 calitate pentru clien\u021bii no\u0219tri, la cele mai competitive pre\u021buri.<\/p>\n\n\n\n<p>Pentru furnizarea de dispozitive GPS, am stabilit un parteneriat puternic cu Teltonika, unul dintre cei mai mari produc\u0103tori din Europa. Calitatea superioar\u0103 \u0219i fiabilitatea dispozitivelor lor GPS ne-au permis s\u0103 implement\u0103m caracteristici precum actualiz\u0103rile de firmware \u0219i set\u0103ri de la distan\u021b\u0103, elimin\u00e2nd nevoia de a atinge fizic dispozitivul dup\u0103 instalarea acestuia \u00eentr-un vehicul. Toate dispozitivele pe care le utiliz\u0103m sunt certificate CE, ceea ce atest\u0103 \u00een continuare calitatea \u0219i siguran\u021ba lor.<\/p>\n\n\n\n<p>Ne m\u00e2ndrim cu faptul c\u0103 oferim solu\u021bii de \u00eenalt\u0103 calitate, fiabile \u0219i rentabile, str\u0103duindu-ne \u00een continuare s\u0103 dep\u0103\u0219im a\u0219tept\u0103rile clien\u021bilor no\u0219tri.<\/p>\n","protected":false},"excerpt":{"rendered":"<p>MyCarAlert.eu este culminarea experien\u021bei noastre extinse \u0219i a multor ani de experien\u021b\u0103 \u00een industria gestion\u0103rii flotelor de vehicule. Fondat\u0103 \u00een 1994 de c\u0103tre Marius Bodea, compania noastr\u0103 mam\u0103, Computer Force SRL, a acumulat o bog\u0103\u021bie de cuno\u0219tin\u021be inestimabile \u00een sistemele de tehnologie a informa\u021biei. \u00cen 2010, profit\u00e2nd de competen\u021ba noastr\u0103 \u00een IT, am intrat \u00een&#8230;<\/p>\n","protected":false},"author":49,"featured_media":0,"parent":0,"menu_order":0,"comment_status":"closed","ping_status":"closed","template":"","meta":{"_seopress_robots_primary_cat":"","_seopress_titles_title":"Aplicatie Profesionala de monitorizare auto prin GPS! Alertare pe telefon.","_seopress_titles_desc":"Fondat\u0103 \u00een 1994, compania noastr\u0103 mam\u0103, Computer Force SRL, a acumulat o bog\u0103\u021bie de cuno\u0219tin\u021be inestimabile \u00een sistemele de tehnologie a informa\u021biei. MyCarAlert.eu este promisiunea noastr\u0103 de a oferi clien\u021bilor priva\u021bi, precum \u0219i entit\u0103\u021bilor comerciale, posibilitatea de a-\u0219i monitoriza vehiculele printr-o aplica\u021bie mobil\u0103 de ultim\u0103 genera\u021bie","_seopress_robots_index":"","_kad_blocks_custom_css":"","_kad_blocks_head_custom_js":"","_kad_blocks_body_custom_js":"","_kad_blocks_footer_custom_js":"","_kadence_starter_templates_imported_post":false,"_kad_post_transparent":"","_kad_post_title":"","_kad_post_layout":"","_kad_post_sidebar_id":"","_kad_post_content_style":"","_kad_post_vertical_padding":"","_kad_post_feature":"","_kad_post_feature_position":"","_kad_post_header":false,"_kad_post_footer":false,"footnotes":""},"class_list":["post-1780","page","type-page","status-publish","hentry"],"taxonomy_info":[],"featured_image_src_large":false,"author_info":{"display_name":"Me","author_link":"https:\/\/mycaralert.eu\/ro\/author\/mariusbodea\/"},"comment_info":0,"_links":{"self":[{"href":"https:\/\/mycaralert.eu\/ro\/wp-json\/wp\/v2\/pages\/1780","targetHints":{"allow":["GET"]}}],"collection":[{"href":"https:\/\/mycaralert.eu\/ro\/wp-json\/wp\/v2\/pages"}],"about":[{"href":"https:\/\/mycaralert.eu\/ro\/wp-json\/wp\/v2\/types\/page"}],"author":[{"embeddable":true,"href":"https:\/\/mycaralert.eu\/ro\/wp-json\/wp\/v2\/users\/49"}],"replies":[{"embeddable":true,"href":"https:\/\/mycaralert.eu\/ro\/wp-json\/wp\/v2\/comments?post=1780"}],"version-history":[{"count":0,"href":"https:\/\/mycaralert.eu\/ro\/wp-json\/wp\/v2\/pages\/1780\/revisions"}],"wp:attachment":[{"href":"https:\/\/mycaralert.eu\/ro\/wp-json\/wp\/v2\/media?parent=1780"}],"curies":[{"name":"wp","href":"https:\/\/api.w.org\/{rel}","templated":true}]}}