{"id":1219,"date":"2023-03-29T10:47:18","date_gmt":"2023-03-29T07:47:18","guid":{"rendered":"https:\/\/mycaralert.eu\/termene-conditii\/"},"modified":"2023-05-18T10:52:47","modified_gmt":"2023-05-18T07:52:47","slug":"termene-conditii","status":"publish","type":"page","link":"https:\/\/mycaralert.eu\/ro\/termene-conditii\/","title":{"rendered":"Termene &amp; Condi\u021bii"},"content":{"rendered":"\n<p>Ultima actualizare: 28 martie 2023.<\/p>\n\n<p>V\u0103 rug\u0103m s\u0103 citi\u021bi cu aten\u021bie ace\u0219ti Termeni \u0219i Condi\u021bii (\u201eTermeni\u201d, \u201eTermeni \u0219i condi\u021bii\u201d) \u00eenainte de a utiliza site-ul web \u0219i aplica\u021bia mobil\u0103 MyCarAlert (denumit\u0103 \u00een continuare \u201eServiciul\u201d) operate de CarAlert SRL (\u201enoi\u201d, sau \u201eal nostru\u201d).<\/p>\n\n<p>Accesul \u0219i utilizarea Serviciului de c\u0103tre dvs. sunt condi\u021bionate de acceptarea \u0219i conformitatea cu ace\u0219ti Termeni. Ace\u0219ti Termeni se aplic\u0103 tuturor vizitatorilor, utilizatorilor \u0219i altora care doresc s\u0103 acceseze sau s\u0103 utilizeze Serviciul.<\/p>\n\n<p>Prin accesarea sau utilizarea Serviciului, sunte\u021bi de acord s\u0103 respecta\u021bi ace\u0219ti Termeni. Dac\u0103 nu sunte\u021bi de acord cu orice parte a termenilor, atunci nu ave\u021bi permisiunea de a accesa Serviciul. <\/p>\n\n<p><strong>ACHIZI\u021aII<\/strong><\/p>\n\n<p>Dac\u0103 dori\u021bi s\u0103 achizi\u021biona\u021bi orice produs sau serviciu pus la dispozi\u021bie prin intermediul Serviciului (&#8222;Achizi\u021bie&#8221;), vi se poate cere s\u0103 furniza\u021bi anumite informa\u021bii relevante pentru achizi\u021bia dvs., inclusiv, f\u0103r\u0103 limitare, num\u0103rul cardului dvs. de credit, data de expirare a cardului dvs. de credit, adresa dvs. de facturare \u0219i informa\u021biile dvs. de expediere.<\/p>\n\n<p>Dumneavoastr\u0103 declara\u021bi \u0219i garanta\u021bi c\u0103: (i) ave\u021bi dreptul legal de a utiliza orice card(e) de credit sau alte metode de plat\u0103 \u00een leg\u0103tur\u0103 cu orice Cump\u0103rare; \u0219i c\u0103 (ii) informa\u021biile pe care ni le furniza\u021bi sunt adev\u0103rate, corecte \u0219i complete.<\/p>\n\n<p>Serviciul poate folosi utilizarea serviciilor ter\u021bilor \u00een scopul de a facilita plata \u0219i finalizarea Achizi\u021biilor. Prin trimiterea informa\u021biilor dvs., ne acorda\u021bi dreptul de a furniza informa\u021bii acestor ter\u021bi, \u00een conformitate cu Politica noastr\u0103 de confiden\u021bialitate.<\/p>\n\n<p>Ne rezerv\u0103m dreptul de a v\u0103 refuza sau de a anula comanda \u00een orice moment din motive care includ, dar f\u0103r\u0103 a se limita la: disponibilitatea produsului sau serviciului, erori \u00een descrierea sau pre\u021bul produsului sau serviciului, eroare \u00een comanda dumneavoastr\u0103 sau alte motive.<\/p>\n\n<p>Ne rezerv\u0103m dreptul de a refuza sau anula comanda dumneavoastr\u0103 dac\u0103 se suspecteaz\u0103 o fraud\u0103 sau o tranzac\u021bie neautorizat\u0103 sau ilegal\u0103.<\/p>\n\n<p>&#8222;Expedierea in aceea\u0219i zi&#8221; este valabil\u0103 pentru comenzile plasate pe site p\u00e2n\u0103 la ora 13.00. Comenzile lasate dup\u0103 aceast\u0103 or\u0103, vor fi expediate \u00een ziua lucr\u0103toare um\u0103toare. <\/p>\n\n<p><strong>DISPONIBILITATE, ERORI \u0218I INEXACTIT\u00c2\u021aI<\/strong><\/p>\n\n<p>Actualiz\u0103m \u00een mod constant ofertele de produse \u0219i servicii din Serviciu. Este posibil s\u0103 \u00eent\u00e2mpin\u0103m \u00eent\u00e2rzieri \u00een actualizarea informa\u021biilor despre Serviciu \u0219i \u00een publicitatea noastr\u0103 pe alte site-uri web. Informa\u021biile g\u0103site \u00een Serviciu pot con\u021bine erori sau inexactit\u0103\u021bi \u0219i pot s\u0103 nu fie complete sau actuale. Produsele sau serviciile pot fi evaluate gre\u0219it, descrise incorect sau indisponibile \u00een Serviciu \u0219i nu putem garanta acurate\u021bea sau caracterul complet al oric\u0103rei informa\u021bii g\u0103site \u00een Serviciu.<\/p>\n\n<p>Prin urmare, ne rezerv\u0103m dreptul de a modifica sau actualiza informa\u021biile \u0219i de a corecta erori, inexactit\u0103\u021bi sau omisiuni \u00een orice moment, f\u0103r\u0103 notificare prealabil\u0103.<\/p>\n\n<p><strong>ABONAMENTE<\/strong><\/p>\n\n<p>Unele p\u0103r\u021bi ale Serviciului sunt facturate pe baz\u0103 de abonament (\u201eAbonament(e)\u201d). Ve\u021bi fi facturat \u00een avans pe o baz\u0103 recurent\u0103 \u0219i periodic\u0103 (\u201eCiclul de facturare\u201d). Ciclurile de facturare sunt setate fie pe o lun\u0103, 3 luni, 6 luni, 12 luni sau 24 de luni, \u00een func\u021bie de perioada de facturare pe care o selecta\u021bi la achizi\u021bionarea unui abonament.<\/p>\n\n<p>La sf\u00e2r\u0219itul fiec\u0103rui ciclu de facturare, abonamentul se va re\u00eennoi automat \u00een exact acelea\u0219i condi\u021bii, cu excep\u021bia cazului \u00een care \u00eel anula\u021bi sau noi \u00eel anul\u0103m. Pute\u021bi anula re\u00eennoirea abonamentului fie prin intermediul paginii de gestionare a contului online, fie contact\u00e2nd echipa noastr\u0103 de asisten\u021b\u0103 pentru clien\u021bi. (din pagina Contul Meu)<\/p>\n\n<p>O metod\u0103 de plat\u0103 valid\u0103, (card de credit) este necesar\u0103 pentru a procesa plata pentru Abonament. Va trebui s\u00e2 ne furniza\u021bi informa\u021bii de facturare exacte \u0219i complete, inclusiv numele complet, adresa, num\u0103rul de telefon \u0219i informa\u021bii despre o metod\u0103 de plat\u0103 valid\u0103 (card) Prin trimiterea acestor informa\u021bii de plat\u0103, ne autoriza\u021bi automat s\u0103 percepem toate taxele de abonament suportate prin contul dvs. la orice astfel de instrumente de plat\u0103.<\/p>\n\n<p>\u00cen cazul \u00een care facturarea automat\u0103 nu are loc din orice motiv, vom emite o factur\u0103 electronic\u0103 care s\u0103 indice c\u0103 trebuie s\u0103 proceda\u021bi manual, \u00eentr-un anumit termen limit\u0103, cu plata integral\u0103 corespunz\u0103toare perioadei de facturare a\u0219a cum este indicat pe factur\u0103.<\/p>\n\n<p><strong>\u00ceNCERCARE GRATUIT\u0102<\/strong><\/p>\n\n<p>Putem, la discre\u021bie, s\u0103 oferim un abonament cu o perioad\u0103 de prob\u0103 pentru o perioad\u0103 limitat\u0103 de timp (\u201eProb\u0103 gratuit\u0103\u201d).<\/p>\n\n<p>Este posibil s\u0103 vi se solicite s\u0103 introduce\u021bi informa\u021biile de facturare pentru a v\u0103 \u00eenscrie pentru Proba gratuit\u0103.<\/p>\n\n<p>Dac\u0103 introduce\u021bi informa\u021biile dvs. de facturare atunci c\u00e2nd v\u0103 \u00eenscrie\u021bi pentru Proba gratuit\u0103, nu ve\u021bi fi taxat de noi p\u00e2n\u0103 c\u00e2nd perioada de prob\u0103 gratuit\u0103 nu va expira. \u00cen ultima zi a perioadei de \u00eencercare gratuit\u0103, cu excep\u021bia cazului \u00een care a\u021bi anulat abonamentul, vi se vor percepe automat taxele de abonament aplicabile pentru tipul de abonament pe care l-a\u021bi selectat.<\/p>\n\n<p>\u00cen orice moment \u0219i f\u0103r\u0103 notificare, ne rezerv\u0103m dreptul de a (i) s\u0103 modific\u0103m termenii \u0219i condi\u021biile ofertei de prob\u0103 gratuit\u0103 sau (ii) anul\u0103m o astfel de ofert\u0103 de prob\u0103 gratuit\u0103.<\/p>\n\n<p><strong>MODIFIC\u0102RILE TAXELOR<\/strong><\/p>\n\n<p>Noi, la propria discre\u021bie \u0219i \u00een orice moment, putem modifica taxele de abonament pentru abonamente. Orice modificare a taxei de abonament va intra \u00een vigoare doar la sf\u00e2r\u0219itul ciclului de facturare curent.<\/p>\n\n<p>V\u0103 vom furniza o notificare prealabil\u0103 rezonabil\u0103 cu privire la orice modificare a taxelor de abonament pentru a v\u0103 oferi posibilitatea de a v\u0103 rezilia abonamentul \u00eenainte ca aceast\u0103 modificare s\u0103 devin\u0103 efectiv\u0103.<\/p>\n\n<p>Continuarea utiliz\u0103rii Serviciului dup\u0103 intrarea \u00een vigoare a modific\u0103rii taxei de abonament constituie acordul dumneavoastr\u0103 de a pl\u0103ti suma modificat\u0103 a taxei de abonament.<\/p>\n\n<p><strong>RESTITURI<\/strong><\/p>\n\n<p>Cu excep\u021bia cazului \u00een care este cerut de lege, taxele de abonament pl\u0103tite nu sunt rambursabile.<\/p>\n\n<p>Sunte\u021bi responsabil pentru toate taxele facturate sau suportate \u00eenainte de dezactivare. Dac\u0103 Serviciile sunt reziliate \u00eenainte de sf\u00e2r\u0219itul ciclului dvs. de facturare, nu vom repartiza taxele la data rezilierii \u0219i nu ve\u021bi primi un credit sau rambursare pentru niciun serviciu neutilizat.<\/p>\n\n<p>Taxele de transport sau livrare nu sunt rambursabile. Mai multe detalii despre politica de retur pute\u021bi <a href=\"http:\/\/return-policy\" data-type=\"URL\" data-id=\"return-policy\"> citi aici<\/a>. <\/p>\n\n<p><strong>CONTURI<\/strong><\/p>\n\n<p>C\u00e2nd crea\u021bi un cont la noi, garanta\u021bi c\u0103 ave\u021bi peste 18 ani \u0219i c\u0103 informa\u021biile pe care ni le furniza\u021bi sunt exacte, complete \u0219i actuale \u00een orice moment. Informa\u021biile inexacte, incomplete sau \u00eenvechite pot duce la desfiin\u021barea imediat\u0103 a contului dvs. din Serviciu.<\/p>\n\n<p>Sunte\u021bi responsabil pentru men\u021binerea confiden\u021bialit\u0103\u021bii contului \u0219i a parolei dvs., inclusiv, dar f\u0103r\u0103 a se limita la restric\u021bia accesului la computer \u0219i\/sau cont. Sunte\u021bi de acord s\u0103 accepta\u021bi responsabilitatea pentru toate activit\u0103\u021bile sau ac\u021biunile care au loc sub contul \u0219i\/sau parola dvs., indiferent dac\u0103 parola dvs. este a Serviciului nostru sau a unui serviciu ter\u021b\u0103 parte. Trebuie s\u0103 ne anun\u021ba\u021bi imediat dup\u0103 ce a\u021bi aflat despre orice \u00eenc\u0103lcare a securit\u0103\u021bii sau utilizarea neautorizat\u0103 a contului dvs.<\/p>\n\n<p>Nu pute\u021bi utiliza ca nume de utilizator numele altei persoane sau entit\u0103\u021bi sau care nu este disponibil \u00een mod legal pentru utilizare, un nume sau o marc\u0103 comercial\u0103 care face obiectul oric\u0103ror drepturi ale altei persoane sau entit\u0103\u021bi, alta dec\u00e2t dvs., f\u0103r\u0103 autoriza\u021bia corespunz\u0103toare. Nu pute\u021bi folosi ca nume de utilizator orice nume ofensator, vulgar sau obscen.<\/p>\n\n<p>Ne rezerv\u0103m dreptul de a refuza serviciul, de a \u00eenchide conturi, de a elimina sau edita con\u021binut sau de a anula comenzi la discre\u021bia noastr\u0103.<\/p>\n\n<p><strong>PROPRIETATE INTELECTUAL\u0102<\/strong><\/p>\n\n<p>Serviciul \u0219i con\u021binutul, caracteristicile \u0219i func\u021bionalit\u0103\u021bile sale originale sunt \u0219i vor r\u0103m\u00e2ne proprietatea exclusiv\u0103 a CarAlert SRL \u0219i a licen\u021biatorilor s\u0103i. Serviciul este protejat de drepturi de autor, m\u0103rci comerciale \u0219i alte legi at\u00e2t ale UE, c\u00e2t \u0219i ale \u021b\u0103rilor str\u0103ine. M\u0103rcile noastre comerciale \u0219i imaginea comercial\u0103 nu pot fi utilizate \u00een leg\u0103tur\u0103 cu niciun produs sau serviciu f\u0103r\u0103 acordul prealabil scris al CarAlert SRL.<\/p>\n\n<p><strong>LINKURI C\u0102TRE ALTE SITE-URI WEB<\/strong><\/p>\n\n<p>Serviciul nostru poate con\u021bine link-uri c\u0103tre site-uri web sau servicii ter\u021be care nu sunt de\u021binute sau controlate de CarAlert SRL<\/p>\n\n<p>CarAlert SRL nu are control asupra \u0219i nu \u00ee\u0219i asum\u0103 nicio responsabilitate pentru con\u021binutul, politicile de confiden\u021bialitate sau practicile oric\u0103ror site-uri web sau servicii ter\u021be. Nu garant\u0103m ofertele niciuna dintre aceste entit\u0103\u021bi\/persoane fizice sau site-urile lor web.<\/p>\n\n<p>Recunoa\u0219te\u021bi \u0219i sunte\u021bi de acord c\u0103 CarAlert SRL nu va fi responsabil\u0103 sau r\u0103spunz\u0103toare, direct sau indirect, pentru orice daune sau pierderi cauzate sau presupuse a fi cauzate de sau \u00een leg\u0103tur\u0103 cu utilizarea sau \u00eencrederea \u00een orice astfel de con\u021binut, bunuri sau servicii disponibile pe sau prin orice astfel de site-uri web sau servicii ale ter\u021bilor.<\/p>\n\n<p>V\u0103 sf\u0103tuim cu insisten\u021b\u0103 s\u0103 citi\u021bi termenii \u0219i condi\u021biile \u0219i politicile de confiden\u021bialitate ale oric\u0103ror site-uri web sau servicii ter\u021be pe care le vizita\u021bi.<\/p>\n\n<p><strong>ANULAREA<\/strong><\/p>\n\n<p>Putem anula sau suspenda contul dvs. \u0219i interzice accesul la Serviciu imediat, f\u0103r\u0103 notificare prealabil\u0103 sau r\u0103spundere, la discre\u021bia noastr\u0103 exclusiv\u0103, pentru orice motiv \u0219i f\u0103r\u0103 limitare, inclusiv, dar f\u0103r\u0103 a se limita la o \u00eenc\u0103lcare a Termenilor.<\/p>\n\n<p>Dac\u0103 dori\u021bi s\u0103 v\u0103 \u00eenchide\u021bi contul, pute\u021bi pur \u0219i simplu s\u0103 \u00eentrerupe\u021bi utilizarea Serviciului.<\/p>\n\n<p>Toate prevederile Termenilor care, prin natura lor, ar trebui s\u0103 supravie\u021buiasc\u0103 rezilierii, vor supravie\u021bui rezilierii, inclusiv, f\u0103r\u0103 a se limita la dispozi\u021biile privind proprietatea, declinarea garan\u021biei, desp\u0103gubirile \u0219i limit\u0103rile de r\u0103spundere.<\/p>\n\n<p><strong>DESP\u0102GUBIREA<\/strong><\/p>\n\n<p>Sunte\u021bi de acord s\u0103 ap\u0103ra\u021bi, s\u0103 desp\u0103gubi\u021bi \u0219i s\u0103 nu acuza\u021bi CarAlert SRL \u0219i licen\u021biatul \u0219i licen\u021biatorii s\u0103i, precum \u0219i angaja\u021bii, contractan\u021bii, agen\u021bii, \u0219i directorii acestora, fa\u021b\u0103 de \u0219i \u00eempotriva oric\u0103rei preten\u021bii, daune, obliga\u021bii, pierderi, datorii, costuri sau datorii \u0219i cheltuieli (inclusiv, dar f\u0103r\u0103 a se limita la onorariile avocatului), rezultate din sau care decurg din a) utilizarea \u0219i accesul dumneavoastr\u0103 la Serviciu, de c\u0103tre dumneavoastr\u0103 sau orice persoan\u0103 care v\u0103 folose\u0219te contul \u0219i parola sau b) o \u00eenc\u0103lcare a acestor Termeni.<\/p>\n\n<p><strong>LIMITARE A R\u0102SPUNDERII<\/strong><\/p>\n\n<p>\u00cen nici un caz CarAlert SRL, nici directorii, angaja\u021bii, partenerii, agen\u021bii, furnizorii sau afilia\u021bii s\u0103i nu vor fi r\u0103spunz\u0103tori pentru orice daune indirecte, incidentale, speciale, consecutive sau punitive, inclusiv, f\u0103r\u0103 limitare, pierderi de profit, date, utilizare, bun\u0103voin\u021b\u0103, sau alte pierderi necorporale, rezultate din (i) accesul sau utilizarea sau incapacitatea de a accesa sau utiliza Serviciul; (ii) orice conduit\u0103 sau con\u021binut al oric\u0103rei ter\u021be p\u0103r\u021bi din Serviciu; (iii) orice con\u021binut ob\u021binut din Serviciu; \u0219i (iv) accesul neautorizat, utilizarea sau modificarea transmisiilor sau a con\u021binutului dumneavoastr\u0103, indiferent dac\u0103 se bazeaz\u0103 pe garan\u021bie, contract, delict (inclusiv neglijen\u021b\u0103) sau orice alt\u0103 teorie juridic\u0103, indiferent dac\u0103 am fost sau nu informa\u021bi cu privire la posibilitatea unei astfel de daune \u0219i chiar dac\u0103 se constat\u0103 c\u0103 un remediu prezentat aici a e\u0219uat \u00een scopul s\u0103u esen\u021bial.<\/p>\n\n<p><strong>DISCLAIMER<\/strong><\/p>\n\n<p>Utilizarea de c\u0103tre dvs. a Serviciului este pe riscul dumneavoastr\u0103. Serviciul este furnizat \u00een baza \u201eA\u0218A CUM ESTE\u201d \u0219i \u201eA\u0218A DISPONIBIL\u201d. Serviciul este furnizat f\u0103r\u0103 garan\u021bii de niciun fel, exprese sau implicite, inclusiv, dar f\u0103r\u0103 a se limita la, garan\u021bii implicite de vandabilitate, adecvare pentru un anumit scop, ne\u00eenc\u0103lcare sau curs de performan\u021b\u0103.<\/p>\n\n<p>CarAlert SRL subsidiarele, afilia\u021bii \u0219i licen\u021biatorii s\u0103i nu garanteaz\u0103 c\u0103: a) Serviciul va func\u021biona ne\u00eentrerupt, sigur sau disponibil \u00een orice moment sau loca\u021bie anume; b) orice erori sau defecte vor fi corectate; sau c) rezultatele utiliz\u0103rii Serviciului vor \u00eendeplini cerin\u021bele dumneavoastr\u0103.<\/p>\n\n<p><strong>EXCLUDERI<\/strong><\/p>\n\n<p>Unele jurisdic\u021bii nu permit excluderea anumitor garan\u021bii sau excluderea sau limitarea r\u0103spunderii pentru daune consecutive sau incidentale, a\u0219a c\u0103 este posibil ca limit\u0103rile de mai sus s\u0103 nu vi se aplice.<\/p>\n\n<p><strong>LEGEA APLICABIL\u0102<\/strong><\/p>\n\n<p>Ace\u0219ti Termeni vor fi guverna\u021bi \u0219i interpreta\u021bi \u00een conformitate cu legile din Rom\u00e2nia, UE, f\u0103r\u0103 a \u021bine cont de prevederile sale privind conflictul de legi.<\/p>\n\n<p>E\u0219ecul nostru de a aplica orice drept sau prevedere a acestor Termeni nu va fi considerat o renun\u021bare la aceste drepturi. Dac\u0103 orice prevedere a acestor Termeni este considerat\u0103 invalid\u0103 sau inaplicabil\u0103 de c\u0103tre o instan\u021b\u0103, celelalte prevederi ale acestor Termeni vor r\u0103m\u00e2ne \u00een vigoare. Ace\u0219ti Termeni constituie \u00eentregul acord dintre noi cu privire la Serviciul nostru \u0219i \u00eenlocuiesc \u0219i \u00eenlocuiesc orice acorduri anterioare pe care le-am fi putut avea \u00eentre noi cu privire la Serviciu.<\/p>\n\n<p><strong>MODIFIC\u0102RI<\/strong><\/p>\n\n<p>Ne rezerv\u0103m dreptul, la discre\u021bia noastr\u0103, de a modifica sau \u00eenlocui ace\u0219ti Termeni \u00een orice moment. Dac\u0103 o revizuire este semnificativ\u0103, vom furniza un preaviz cu cel pu\u021bin 30 de zile \u00eenainte de intrarea \u00een vigoare a oric\u0103ror termeni noi. Ceea ce constituie o schimbare material\u0103 va fi stabilit la discre\u021bia noastr\u0103.<\/p>\n\n<p>Continu\u00e2nd s\u0103 accesa\u021bi sau s\u0103 utiliza\u021bi Serviciul nostru dup\u0103 ce orice revizuire intr\u0103 \u00een vigoare, \u00eenseamn\u0103 c\u0103 sunte\u021bi de acord s\u0103 respecta\u021bi termenii revizui\u021bi. Dac\u0103 nu sunte\u021bi de acord cu noii termeni, nu mai sunte\u021bi autorizat s\u0103 utiliza\u021bi Serviciul.<\/p>\n\n<p><strong>CONTACT<\/strong><\/p>\n\n<p>Dac\u0103 ave\u021bi \u00eentreb\u0103ri despre aceast\u0103 politic\u0103, v\u0103 rug\u0103m s\u0103 ne <a href=\"https:\/\/mycaralert.eu\/ro\/contact\/\" data-type=\"page\" data-id=\"881\">contacta\u021bi <\/a><\/p>\n\n<p>CarAlert SRL,<br\/>Str. Gh. Lazar 3, et.1, Timisoara, 300077, Romania, EU<\/p>\n","protected":false},"excerpt":{"rendered":"<p>Ultima actualizare: 28 martie 2023. V\u0103 rug\u0103m s\u0103 citi\u021bi cu aten\u021bie ace\u0219ti Termeni \u0219i Condi\u021bii (\u201eTermeni\u201d, \u201eTermeni \u0219i condi\u021bii\u201d) \u00eenainte de a utiliza site-ul web \u0219i aplica\u021bia mobil\u0103 MyCarAlert (denumit\u0103 \u00een continuare \u201eServiciul\u201d) operate de CarAlert SRL (\u201enoi\u201d, sau \u201eal nostru\u201d). Accesul \u0219i utilizarea Serviciului de c\u0103tre dvs. sunt condi\u021bionate de acceptarea \u0219i conformitatea cu&#8230;<\/p>\n","protected":false},"author":49,"featured_media":0,"parent":0,"menu_order":0,"comment_status":"closed","ping_status":"closed","template":"","meta":{"_seopress_robots_primary_cat":"","_seopress_titles_title":"","_seopress_titles_desc":"","_seopress_robots_index":"","_kad_blocks_custom_css":"","_kad_blocks_head_custom_js":"","_kad_blocks_body_custom_js":"","_kad_blocks_footer_custom_js":"","_kadence_starter_templates_imported_post":false,"_kad_post_transparent":"","_kad_post_title":"","_kad_post_layout":"","_kad_post_sidebar_id":"","_kad_post_content_style":"","_kad_post_vertical_padding":"","_kad_post_feature":"","_kad_post_feature_position":"","_kad_post_header":false,"_kad_post_footer":false,"footnotes":""},"class_list":["post-1219","page","type-page","status-publish","hentry"],"taxonomy_info":[],"featured_image_src_large":false,"author_info":{"display_name":"Me","author_link":"https:\/\/mycaralert.eu\/ro\/author\/mariusbodea\/"},"comment_info":0,"_links":{"self":[{"href":"https:\/\/mycaralert.eu\/ro\/wp-json\/wp\/v2\/pages\/1219","targetHints":{"allow":["GET"]}}],"collection":[{"href":"https:\/\/mycaralert.eu\/ro\/wp-json\/wp\/v2\/pages"}],"about":[{"href":"https:\/\/mycaralert.eu\/ro\/wp-json\/wp\/v2\/types\/page"}],"author":[{"embeddable":true,"href":"https:\/\/mycaralert.eu\/ro\/wp-json\/wp\/v2\/users\/49"}],"replies":[{"embeddable":true,"href":"https:\/\/mycaralert.eu\/ro\/wp-json\/wp\/v2\/comments?post=1219"}],"version-history":[{"count":0,"href":"https:\/\/mycaralert.eu\/ro\/wp-json\/wp\/v2\/pages\/1219\/revisions"}],"wp:attachment":[{"href":"https:\/\/mycaralert.eu\/ro\/wp-json\/wp\/v2\/media?parent=1219"}],"curies":[{"name":"wp","href":"https:\/\/api.w.org\/{rel}","templated":true}]}}